{"id":5162,"date":"2016-07-18T11:23:30","date_gmt":"2016-07-18T09:23:30","guid":{"rendered":"https:\/\/www.renaioli.it\/eventi\/"},"modified":"2025-01-29T12:34:08","modified_gmt":"2025-01-29T11:34:08","slug":"eventi","status":"publish","type":"page","link":"https:\/\/www.renaioli.it\/fr\/eventi\/","title":{"rendered":"\u00c9v\u00e9nements"},"content":{"rendered":"\t\t<div data-elementor-type=\"wp-page\" data-elementor-id=\"5162\" class=\"elementor elementor-5162 elementor-10\">\n\t\t\t\t<div class=\"elementor-element elementor-element-cc74d05 e-con-full e-flex e-con e-parent\" data-id=\"cc74d05\" data-element_type=\"container\">\n\t\t<div class=\"elementor-element elementor-element-12d1305 e-con-full e-flex e-con e-child\" data-id=\"12d1305\" data-element_type=\"container\">\n\t\t\t\t<div class=\"elementor-element elementor-element-971f1ec elementor-align-left elementor-widget elementor-widget-raven-heading\" data-id=\"971f1ec\" data-element_type=\"widget\" data-widget_type=\"raven-heading.default\">\n\t\t\t\t<div class=\"elementor-widget-container\">\n\t\t\t\t\t\t\t<div class=\"raven-widget-wrapper\"><h2 class=\"raven-heading raven-heading-h2\"><span class=\"raven-heading-title \">\u00c9v\u00e9nements<\/span><\/h2><\/div>\r\n\t\t\t\t\t\t<\/div>\n\t\t\t\t<\/div>\n\t\t\t\t<div class=\"elementor-element elementor-element-74ccd7c elementor-widget elementor-widget-text-editor\" data-id=\"74ccd7c\" data-element_type=\"widget\" data-widget_type=\"text-editor.default\">\n\t\t\t\t<div class=\"elementor-widget-container\">\n\t\t\t\t\t\t\t\t\tNous pr\u00e9parons le calendrier des \u00e9v\u00e9nements pour l&rsquo;\u00e9t\u00e9 prochain. Nous publierons bient\u00f4t tous les d\u00e9tails en ligne. \nRevenez nous rendre visite pour d\u00e9couvrir les nouveaut\u00e9s et les rendez-vous programm\u00e9s d\u00e8s qu&rsquo;ils sont disponibles!\t\t\t\t\t\t\t\t<\/div>\n\t\t\t\t<\/div>\n\t\t\t\t<\/div>\n\t\t<div class=\"elementor-element elementor-element-637e086 e-con-full e-flex e-con e-child\" data-id=\"637e086\" data-element_type=\"container\">\n\t\t\t\t<div class=\"elementor-element elementor-element-6d743c9 elementor-widget elementor-widget-image\" data-id=\"6d743c9\" data-element_type=\"widget\" data-widget_type=\"image.default\">\n\t\t\t\t<div class=\"elementor-widget-container\">\n\t\t\t\t\t\t\t\t\t\t\t\t\t\t\t<img fetchpriority=\"high\" decoding=\"async\" width=\"1024\" height=\"683\" src=\"https:\/\/www.renaioli.it\/wp-content\/uploads\/2025\/01\/Renaioli-Firenze-1-1024x683.jpg\" class=\"attachment-large size-large wp-image-4755\" alt=\"\" srcset=\"https:\/\/www.renaioli.it\/wp-content\/uploads\/2025\/01\/Renaioli-Firenze-1-1024x683.jpg 1024w, https:\/\/www.renaioli.it\/wp-content\/uploads\/2025\/01\/Renaioli-Firenze-1-300x200.jpg 300w, https:\/\/www.renaioli.it\/wp-content\/uploads\/2025\/01\/Renaioli-Firenze-1-768x512.jpg 768w, https:\/\/www.renaioli.it\/wp-content\/uploads\/2025\/01\/Renaioli-Firenze-1-1536x1024.jpg 1536w, https:\/\/www.renaioli.it\/wp-content\/uploads\/2025\/01\/Renaioli-Firenze-1-2048x1365.jpg 2048w\" sizes=\"(max-width: 1024px) 100vw, 1024px\" \/>\t\t\t\t\t\t\t\t\t\t\t\t\t\t\t<\/div>\n\t\t\t\t<\/div>\n\t\t\t\t<\/div>\n\t\t\t\t<\/div>\n\t\t\t\t<\/div>\n\t\t","protected":false},"excerpt":{"rendered":"<p>\u00c9v\u00e9nements Nous pr\u00e9parons le calendrier des \u00e9v\u00e9nements pour l&rsquo;\u00e9t\u00e9 prochain. Nous publierons bient\u00f4t tous les d\u00e9tails en ligne. Revenez nous rendre visite pour d\u00e9couvrir les nouveaut\u00e9s et les rendez-vous programm\u00e9s d\u00e8s qu&rsquo;ils sont disponibles!<\/p>\n","protected":false},"author":1,"featured_media":0,"parent":0,"menu_order":0,"comment_status":"closed","ping_status":"closed","template":"","meta":{"_acf_changed":false,"footnotes":""},"class_list":["post-5162","page","type-page","status-publish","hentry"],"acf":[],"yoast_head":"<!-- This site is optimized with the Yoast SEO plugin v24.5 - https:\/\/yoast.com\/wordpress\/plugins\/seo\/ -->\n<title>\u00c9v\u00e9nements - I Renaioli<\/title>\n<meta name=\"robots\" content=\"index, follow, max-snippet:-1, max-image-preview:large, max-video-preview:-1\" \/>\n<link rel=\"canonical\" href=\"https:\/\/www.renaioli.it\/fr\/eventi\/\" \/>\n<meta property=\"og:locale\" content=\"fr_FR\" \/>\n<meta property=\"og:type\" content=\"article\" \/>\n<meta property=\"og:title\" content=\"\u00c9v\u00e9nements - I Renaioli\" \/>\n<meta property=\"og:description\" content=\"\u00c9v\u00e9nements Nous pr\u00e9parons le calendrier des \u00e9v\u00e9nements pour l&rsquo;\u00e9t\u00e9 prochain. Nous publierons bient\u00f4t tous les d\u00e9tails en ligne. Revenez nous rendre visite pour d\u00e9couvrir les nouveaut\u00e9s et les rendez-vous programm\u00e9s d\u00e8s qu&rsquo;ils sont disponibles!\" \/>\n<meta property=\"og:url\" content=\"https:\/\/www.renaioli.it\/fr\/eventi\/\" \/>\n<meta property=\"og:site_name\" content=\"I Renaioli\" \/>\n<meta property=\"article:modified_time\" content=\"2025-01-29T11:34:08+00:00\" \/>\n<meta property=\"og:image\" content=\"https:\/\/www.renaioli.it\/wp-content\/uploads\/2025\/01\/Renaioli-Firenze-1-scaled.jpg\" \/>\n\t<meta property=\"og:image:width\" content=\"2560\" \/>\n\t<meta property=\"og:image:height\" content=\"1707\" \/>\n\t<meta property=\"og:image:type\" content=\"image\/jpeg\" \/>\n<meta name=\"twitter:card\" content=\"summary_large_image\" \/>\n<meta name=\"twitter:label1\" content=\"Dur\u00e9e de lecture estim\u00e9e\" \/>\n\t<meta name=\"twitter:data1\" content=\"1 minute\" \/>\n<script type=\"application\/ld+json\" class=\"yoast-schema-graph\">{\"@context\":\"https:\/\/schema.org\",\"@graph\":[{\"@type\":\"WebPage\",\"@id\":\"https:\/\/www.renaioli.it\/fr\/eventi\/\",\"url\":\"https:\/\/www.renaioli.it\/fr\/eventi\/\",\"name\":\"\u00c9v\u00e9nements - I Renaioli\",\"isPartOf\":{\"@id\":\"https:\/\/www.renaioli.it\/fr\/#website\"},\"primaryImageOfPage\":{\"@id\":\"https:\/\/www.renaioli.it\/fr\/eventi\/#primaryimage\"},\"image\":{\"@id\":\"https:\/\/www.renaioli.it\/fr\/eventi\/#primaryimage\"},\"thumbnailUrl\":\"https:\/\/www.renaioli.it\/wp-content\/uploads\/2025\/01\/Renaioli-Firenze-1-1024x683.jpg\",\"datePublished\":\"2016-07-18T09:23:30+00:00\",\"dateModified\":\"2025-01-29T11:34:08+00:00\",\"breadcrumb\":{\"@id\":\"https:\/\/www.renaioli.it\/fr\/eventi\/#breadcrumb\"},\"inLanguage\":\"fr-FR\",\"potentialAction\":[{\"@type\":\"ReadAction\",\"target\":[\"https:\/\/www.renaioli.it\/fr\/eventi\/\"]}]},{\"@type\":\"ImageObject\",\"inLanguage\":\"fr-FR\",\"@id\":\"https:\/\/www.renaioli.it\/fr\/eventi\/#primaryimage\",\"url\":\"https:\/\/www.renaioli.it\/wp-content\/uploads\/2025\/01\/Renaioli-Firenze-1-1024x683.jpg\",\"contentUrl\":\"https:\/\/www.renaioli.it\/wp-content\/uploads\/2025\/01\/Renaioli-Firenze-1-1024x683.jpg\"},{\"@type\":\"BreadcrumbList\",\"@id\":\"https:\/\/www.renaioli.it\/fr\/eventi\/#breadcrumb\",\"itemListElement\":[{\"@type\":\"ListItem\",\"position\":1,\"name\":\"Home\",\"item\":\"https:\/\/www.renaioli.it\/fr\/\"},{\"@type\":\"ListItem\",\"position\":2,\"name\":\"\u00c9v\u00e9nements\"}]},{\"@type\":\"WebSite\",\"@id\":\"https:\/\/www.renaioli.it\/fr\/#website\",\"url\":\"https:\/\/www.renaioli.it\/fr\/\",\"name\":\"I Renaioli\",\"description\":\"30 anni di storia in Arno\",\"potentialAction\":[{\"@type\":\"SearchAction\",\"target\":{\"@type\":\"EntryPoint\",\"urlTemplate\":\"https:\/\/www.renaioli.it\/fr\/?s={search_term_string}\"},\"query-input\":{\"@type\":\"PropertyValueSpecification\",\"valueRequired\":true,\"valueName\":\"search_term_string\"}}],\"inLanguage\":\"fr-FR\"}]}<\/script>\n<!-- \/ Yoast SEO plugin. -->","yoast_head_json":{"title":"\u00c9v\u00e9nements - I Renaioli","robots":{"index":"index","follow":"follow","max-snippet":"max-snippet:-1","max-image-preview":"max-image-preview:large","max-video-preview":"max-video-preview:-1"},"canonical":"https:\/\/www.renaioli.it\/fr\/eventi\/","og_locale":"fr_FR","og_type":"article","og_title":"\u00c9v\u00e9nements - I Renaioli","og_description":"\u00c9v\u00e9nements Nous pr\u00e9parons le calendrier des \u00e9v\u00e9nements pour l&rsquo;\u00e9t\u00e9 prochain. Nous publierons bient\u00f4t tous les d\u00e9tails en ligne. Revenez nous rendre visite pour d\u00e9couvrir les nouveaut\u00e9s et les rendez-vous programm\u00e9s d\u00e8s qu&rsquo;ils sont disponibles!","og_url":"https:\/\/www.renaioli.it\/fr\/eventi\/","og_site_name":"I Renaioli","article_modified_time":"2025-01-29T11:34:08+00:00","og_image":[{"width":2560,"height":1707,"url":"https:\/\/www.renaioli.it\/wp-content\/uploads\/2025\/01\/Renaioli-Firenze-1-scaled.jpg","type":"image\/jpeg"}],"twitter_card":"summary_large_image","twitter_misc":{"Dur\u00e9e de lecture estim\u00e9e":"1 minute"},"schema":{"@context":"https:\/\/schema.org","@graph":[{"@type":"WebPage","@id":"https:\/\/www.renaioli.it\/fr\/eventi\/","url":"https:\/\/www.renaioli.it\/fr\/eventi\/","name":"\u00c9v\u00e9nements - I Renaioli","isPartOf":{"@id":"https:\/\/www.renaioli.it\/fr\/#website"},"primaryImageOfPage":{"@id":"https:\/\/www.renaioli.it\/fr\/eventi\/#primaryimage"},"image":{"@id":"https:\/\/www.renaioli.it\/fr\/eventi\/#primaryimage"},"thumbnailUrl":"https:\/\/www.renaioli.it\/wp-content\/uploads\/2025\/01\/Renaioli-Firenze-1-1024x683.jpg","datePublished":"2016-07-18T09:23:30+00:00","dateModified":"2025-01-29T11:34:08+00:00","breadcrumb":{"@id":"https:\/\/www.renaioli.it\/fr\/eventi\/#breadcrumb"},"inLanguage":"fr-FR","potentialAction":[{"@type":"ReadAction","target":["https:\/\/www.renaioli.it\/fr\/eventi\/"]}]},{"@type":"ImageObject","inLanguage":"fr-FR","@id":"https:\/\/www.renaioli.it\/fr\/eventi\/#primaryimage","url":"https:\/\/www.renaioli.it\/wp-content\/uploads\/2025\/01\/Renaioli-Firenze-1-1024x683.jpg","contentUrl":"https:\/\/www.renaioli.it\/wp-content\/uploads\/2025\/01\/Renaioli-Firenze-1-1024x683.jpg"},{"@type":"BreadcrumbList","@id":"https:\/\/www.renaioli.it\/fr\/eventi\/#breadcrumb","itemListElement":[{"@type":"ListItem","position":1,"name":"Home","item":"https:\/\/www.renaioli.it\/fr\/"},{"@type":"ListItem","position":2,"name":"\u00c9v\u00e9nements"}]},{"@type":"WebSite","@id":"https:\/\/www.renaioli.it\/fr\/#website","url":"https:\/\/www.renaioli.it\/fr\/","name":"I Renaioli","description":"30 anni di storia in Arno","potentialAction":[{"@type":"SearchAction","target":{"@type":"EntryPoint","urlTemplate":"https:\/\/www.renaioli.it\/fr\/?s={search_term_string}"},"query-input":{"@type":"PropertyValueSpecification","valueRequired":true,"valueName":"search_term_string"}}],"inLanguage":"fr-FR"}]}},"_links":{"self":[{"href":"https:\/\/www.renaioli.it\/fr\/wp-json\/wp\/v2\/pages\/5162","targetHints":{"allow":["GET"]}}],"collection":[{"href":"https:\/\/www.renaioli.it\/fr\/wp-json\/wp\/v2\/pages"}],"about":[{"href":"https:\/\/www.renaioli.it\/fr\/wp-json\/wp\/v2\/types\/page"}],"author":[{"embeddable":true,"href":"https:\/\/www.renaioli.it\/fr\/wp-json\/wp\/v2\/users\/1"}],"replies":[{"embeddable":true,"href":"https:\/\/www.renaioli.it\/fr\/wp-json\/wp\/v2\/comments?post=5162"}],"version-history":[{"count":4,"href":"https:\/\/www.renaioli.it\/fr\/wp-json\/wp\/v2\/pages\/5162\/revisions"}],"predecessor-version":[{"id":5167,"href":"https:\/\/www.renaioli.it\/fr\/wp-json\/wp\/v2\/pages\/5162\/revisions\/5167"}],"wp:attachment":[{"href":"https:\/\/www.renaioli.it\/fr\/wp-json\/wp\/v2\/media?parent=5162"}],"curies":[{"name":"wp","href":"https:\/\/api.w.org\/{rel}","templated":true}]}}