{"id":5180,"date":"2018-01-31T18:27:33","date_gmt":"2018-01-31T17:27:33","guid":{"rendered":"https:\/\/www.renaioli.it\/gite\/"},"modified":"2026-01-30T16:14:47","modified_gmt":"2026-01-30T15:14:47","slug":"gite","status":"publish","type":"page","link":"https:\/\/www.renaioli.it\/fr\/gite\/","title":{"rendered":"Les voyages"},"content":{"rendered":"\t\t<div data-elementor-type=\"wp-page\" data-elementor-id=\"5180\" class=\"elementor elementor-5180 elementor-424\">\n\t\t\t\t<div class=\"elementor-element elementor-element-530c5a5 e-con-full e-flex e-con e-parent\" data-id=\"530c5a5\" data-element_type=\"container\">\n\t\t<div class=\"elementor-element elementor-element-5c2bdae e-con-full e-flex e-con e-child\" data-id=\"5c2bdae\" data-element_type=\"container\" data-settings=\"\">\n\t\t\t\t<div class=\"elementor-element elementor-element-d0af49b elementor-invisible elementor-widget elementor-widget-heading\" data-id=\"d0af49b\" data-element_type=\"widget\" data-settings=\"{&quot;_animation&quot;:&quot;fadeInLeft&quot;}\" data-widget_type=\"heading.default\">\n\t\t\t\t<div class=\"elementor-widget-container\">\n\t\t\t\t\t<h2 class=\"elementor-heading-title elementor-size-default\">D\u00e9couvrir Florence depuis l'Arno : une exp\u00e9rience romantique et intemporelle <\/h2>\t\t\t\t<\/div>\n\t\t\t\t<\/div>\n\t\t\t\t<div class=\"elementor-element elementor-element-e93b8f5 elementor-invisible elementor-widget elementor-widget-text-editor\" data-id=\"e93b8f5\" data-element_type=\"widget\" data-settings=\"{&quot;_animation&quot;:&quot;fadeInLeft&quot;}\" data-widget_type=\"text-editor.default\">\n\t\t\t\t<div class=\"elementor-widget-container\">\n\t\t\t\t\t\t\t\t\t<p><span data-contrast=\"auto\">Laissez-vous emporter par la magie de l&rsquo;Arno, le c\u0153ur battant de Florence, gr\u00e2ce \u00e0 une exp\u00e9rience unique \u00e0 bord d&rsquo;un barchetto historique. Sous la conduite experte de nos Renaioli, vous glisserez doucement \u00e0 travers les merveilles de la ville, admirant ses tr\u00e9sors d&rsquo;un point de vue intime et enchanteur.<\/span><span data-ccp-props=\"{}\">\u00a0<\/span><\/p><p><span data-contrast=\"auto\">Notre voyage commence au Ponte alle Grazie, en traversant la partie la plus suggestive et navigable du fleuve, entre la Pescaia di San Niccol\u00f2 et la Pescaia di Santa Rosa. En chemin, nous d\u00e9couvrirons la majest\u00e9 des Offices, le charme du corridor de Vasari et le l\u00e9gendaire Ponte Vecchio, symbole intemporel de Florence. <\/span><span data-contrast=\"auto\">Les palais historiques, les tours m\u00e9di\u00e9vales et les \u00e9glises anciennes se refl\u00e8tent dans les eaux calmes, r\u00e9v\u00e9lant des aper\u00e7us d&rsquo;une beaut\u00e9 extraordinaire.<\/span><span data-ccp-props=\"{}\">\u00a0<\/span><\/p><p><span data-contrast=\"auto\">En continuant, nous admirerons l&rsquo;\u00e9glise des Saints Ap\u00f4tres, l&rsquo;\u00e9l\u00e9gance du Palazzo Corsini et les gardiens de pierre du Ponte Santa Trinita. <\/span><span data-contrast=\"auto\">Nous passerons par le quartier de San Frediano, tr\u00e9sor de tradition et d&rsquo;authenticit\u00e9, jusqu&rsquo;au Ponte alla Carraia, avant de revenir embarquer au Palazzo della Borsa.<\/span><span data-ccp-props=\"{}\">\u00a0<\/span><\/p><p><span data-contrast=\"auto\">Une promenade sur l&rsquo;Arno n&rsquo;est pas une simple excursion, mais l&rsquo;occasion de red\u00e9couvrir la ville dans toute sa po\u00e9sie. Laissez-vous s\u00e9duire par l&rsquo;atmosph\u00e8re romantique du fleuve et emportez avec vous le souvenir d&rsquo;une Florence qui vit et respire \u00e0 travers ses eaux.<\/span><span data-ccp-props=\"{}\">\u00a0<\/span><\/p>\t\t\t\t\t\t\t\t<\/div>\n\t\t\t\t<\/div>\n\t\t\t\t<\/div>\n\t\t<div class=\"elementor-element elementor-element-21ab4b7 e-con-full e-flex elementor-invisible e-con e-child\" data-id=\"21ab4b7\" data-element_type=\"container\" data-settings=\"{&quot;animation&quot;:&quot;fadeInRight&quot;}\">\n\t\t\t\t<div class=\"elementor-element elementor-element-a76c046 elementor-widget elementor-widget-image\" data-id=\"a76c046\" data-element_type=\"widget\" data-widget_type=\"image.default\">\n\t\t\t\t<div class=\"elementor-widget-container\">\n\t\t\t\t\t\t\t\t\t\t\t\t\t\t\t<img fetchpriority=\"high\" decoding=\"async\" width=\"971\" height=\"900\" src=\"https:\/\/www.renaioli.it\/wp-content\/uploads\/2025\/01\/le-gite.jpg\" class=\"attachment-large size-large wp-image-4680\" alt=\"\" srcset=\"https:\/\/www.renaioli.it\/wp-content\/uploads\/2025\/01\/le-gite.jpg 971w, https:\/\/www.renaioli.it\/wp-content\/uploads\/2025\/01\/le-gite-300x278.jpg 300w, https:\/\/www.renaioli.it\/wp-content\/uploads\/2025\/01\/le-gite-768x712.jpg 768w\" sizes=\"(max-width: 971px) 100vw, 971px\" \/>\t\t\t\t\t\t\t\t\t\t\t\t\t\t\t<\/div>\n\t\t\t\t<\/div>\n\t\t\t\t<\/div>\n\t\t\t\t<\/div>\n\t\t<div class=\"elementor-element elementor-element-3ff9f92 e-flex e-con-boxed elementor-invisible e-con e-parent\" data-id=\"3ff9f92\" data-element_type=\"container\" data-settings=\"{&quot;background_background&quot;:&quot;gradient&quot;,&quot;animation&quot;:&quot;fadeInUp&quot;}\">\n\t\t\t\t\t<div class=\"e-con-inner\">\n\t\t\t\t<div class=\"elementor-element elementor-element-2704f94 elementor-widget elementor-widget-heading\" data-id=\"2704f94\" data-element_type=\"widget\" data-widget_type=\"heading.default\">\n\t\t\t\t<div class=\"elementor-widget-container\">\n\t\t\t\t\t<h2 class=\"elementor-heading-title elementor-size-default\">La navigation sera ouverte du 1ER mai au 30 Septembre<\/h2>\t\t\t\t<\/div>\n\t\t\t\t<\/div>\n\t\t\t\t<div class=\"elementor-element elementor-element-635d27e elementor-widget elementor-widget-heading\" data-id=\"635d27e\" data-element_type=\"widget\" data-widget_type=\"heading.default\">\n\t\t\t\t<div class=\"elementor-widget-container\">\n\t\t\t\t\t<h2 class=\"elementor-heading-title elementor-size-default\">Horaires des Excursionns quotidiennes<\/h2>\t\t\t\t<\/div>\n\t\t\t\t<\/div>\n\t\t\t\t<div class=\"elementor-element elementor-element-046dfc6 elementor-widget elementor-widget-text-editor\" data-id=\"046dfc6\" data-element_type=\"widget\" data-widget_type=\"text-editor.default\">\n\t\t\t\t<div class=\"elementor-widget-container\">\n\t\t\t\t\t\t\t\t\t<p><b><span data-contrast=\"auto\">QUELS JOURS DE LA SEMAINE ?<\/span><\/b><span data-ccp-props=\"{}\">\u00a0<\/span><\/p><p><span data-contrast=\"auto\">Du lundi au dimanche<\/span><span data-ccp-props=\"{}\">\u00a0<\/span><\/p><p><span data-contrast=\"auto\">Du 1er mai au 30 septembre<\/span><span data-ccp-props=\"{}\">\u00a0<\/span><\/p><div class=\"QmZWSe\"><div class=\"DHcWmd\">\u00a0<\/div><\/div><div class=\"oSioSc\"><div id=\"tw-target\"><div id=\"kAz1tf\" class=\"g9WsWb PZPZlf\" data-attrid=\"tw-targetArea\" data-entityname=\"Google Translate\"><div id=\"tw-target-text-container\" class=\"tw-ta-container tw-nfl\" tabindex=\"0\" role=\"text\"><strong>NAVIGATION 2026\u00a0: DU 1ER MAI AU 30 SEPTEMBRE<\/strong><\/div><\/div><\/div><\/div>\t\t\t\t\t\t\t\t<\/div>\n\t\t\t\t<\/div>\n\t\t\t\t<div class=\"elementor-element elementor-element-fb8de3c elementor-widget elementor-widget-text-editor\" data-id=\"fb8de3c\" data-element_type=\"widget\" data-widget_type=\"text-editor.default\">\n\t\t\t\t<div class=\"elementor-widget-container\">\n\t\t\t\t\t\t\t\t\t<p><b><span data-contrast=\"auto\">10h00 &#8211; 11h00<\/span><\/b><span data-ccp-props=\"{}\">\u00a0<\/span><\/p><p><b><span data-contrast=\"auto\">11h00 &#8211; 12h00<\/span><\/b><span data-ccp-props=\"{}\">\u00a0<\/span><\/p><p><b><span data-contrast=\"auto\">17h00 &#8211; 18h00<\/span><\/b><span data-ccp-props=\"{}\">\u00a0<\/span><\/p><p><b><span data-contrast=\"auto\">18h00 &#8211; 19h00<\/span><\/b><span data-ccp-props=\"{}\">\u00a0<\/span><\/p><p><b><span data-contrast=\"auto\">19h00 &#8211; 20h00<\/span><\/b><\/p><p><b><span data-contrast=\"auto\">20h00 &#8211; 21h00<\/span><\/b><span data-ccp-props=\"{}\">\u00a0<\/span><\/p>\t\t\t\t\t\t\t\t<\/div>\n\t\t\t\t<\/div>\n\t\t\t\t<div class=\"elementor-element elementor-element-ec74fa0 elementor-widget elementor-widget-text-editor\" data-id=\"ec74fa0\" data-element_type=\"widget\" data-widget_type=\"text-editor.default\">\n\t\t\t\t<div class=\"elementor-widget-container\">\n\t\t\t\t\t\t\t\t\t<p>\u00a0<\/p><p><b><span data-contrast=\"auto\">QUELLE EST LA DUR\u00c9E D&rsquo;UN VOYAGE ?<\/span><\/b><span data-ccp-props=\"{}\">\u00a0<\/span><\/p><p><b><span data-contrast=\"auto\">45 minutes de navigation <\/span><\/b><span data-contrast=\"auto\">plus 15 minutes entre l&#8217;embarquement et le d\u00e9barquement : une heure d&rsquo;activit\u00e9 au total.<\/span><span data-ccp-props=\"{}\">\u00a0<\/span><\/p><p><b><span data-contrast=\"auto\">O\u00d9 EMBARQUE-T-ON ?<\/span><\/b><span data-ccp-props=\"{}\">\u00a0<\/span><\/p><p><span data-contrast=\"auto\">L&rsquo;excursion est circulaire : elle part et revient de notre point d&rsquo;<\/span><a href=\"https:\/\/www.renaioli.it\/dove-siamo\/\"><span data-contrast=\"none\">embarquement<\/span><\/a><span data-contrast=\"auto\"> \u00e0 Lungarno Generale Diaz.<\/span><span data-ccp-props=\"{}\">\u00a0<\/span><\/p><p><b><span data-contrast=\"auto\">CAPACIT\u00c9 DES EMBARCATIONS<\/span><\/b><span data-ccp-props=\"{}\">\u00a0<\/span><\/p><p><span data-contrast=\"auto\">Sur les <\/span><b><span data-contrast=\"auto\">petites embarcations<\/span><\/b><span data-contrast=\"auto\">: 8 passagers\u00a0<\/span><span data-ccp-props=\"{}\">\u00a0<\/span><\/p><p><span data-contrast=\"auto\">Sur les <\/span><b><span data-contrast=\"auto\">grands bateaux<\/span><\/b><span data-contrast=\"auto\">: 14 passagers\u00a0<\/span><span data-ccp-props=\"{}\">\u00a0<\/span><\/p><p><span data-contrast=\"auto\">Pour les groupes plus importants, il est possible de faire naviguer plusieurs bateaux c\u00f4te \u00e0 c\u00f4te et de <\/span><a href=\"https:\/\/www.renaioli.it\/eventi\"><span data-contrast=\"none\">convenir d&rsquo;un itin\u00e9raire personnalis\u00e9 plus court<\/span><\/a><span data-contrast=\"auto\">, si la pluie le permet.<\/span><span data-ccp-props=\"{}\">\u00a0<\/span><\/p><p><b><span data-contrast=\"auto\">Besoin d&rsquo;aide ?<\/span><\/b> <b><span data-contrast=\"auto\">Lisez les r\u00e9ponses aux <\/span><\/b><a href=\"https:\/\/www.renaioli.it\/gite\/faq\"><b><span data-contrast=\"none\">questions fr\u00e9quemment pos\u00e9es<\/span><\/b><\/a><b><span data-contrast=\"auto\">.<\/span><\/b><span data-ccp-props=\"{}\">\u00a0<\/span><\/p><div><div id=\"WACViewPanel_ClipboardElement\" class=\"WACEditing EditMode EditingSurfaceBody FireFox WACViewPanel_DisableLegacyKeyCodeAndCharCode usehover\" style=\"overflow: hidden; visibility: visible; direction: ltr;\" tabindex=\"0\" contenteditable=\"false\" spellcheck=\"false\"><div class=\"OutlineElement Ltr SCXW68305622 BCX2\" style=\"direction: ltr;\"><p class=\"Paragraph SCXW68305622 BCX2\" style=\"font-weight: normal; font-style: normal; vertical-align: baseline; background-color: transparent; color: windowtext; text-align: left; margin: 0px; padding-left: 0px; padding-right: 0px; text-indent: 0px;\">\u00a0<\/p><\/div><\/div><\/div>\t\t\t\t\t\t\t\t<\/div>\n\t\t\t\t<\/div>\n\t\t\t\t\t<\/div>\n\t\t\t\t<\/div>\n\t\t<div class=\"elementor-element elementor-element-aeb0878 e-con-full e-flex e-con e-parent\" data-id=\"aeb0878\" data-element_type=\"container\">\n\t\t<div class=\"elementor-element elementor-element-18c7c24 e-con-full e-flex e-con e-child\" data-id=\"18c7c24\" data-element_type=\"container\" data-settings=\"\">\n\t\t\t\t<div class=\"elementor-element elementor-element-3e35418 elementor-invisible elementor-widget elementor-widget-image\" data-id=\"3e35418\" data-element_type=\"widget\" data-settings=\"{&quot;_animation&quot;:&quot;fadeInLeft&quot;}\" data-widget_type=\"image.default\">\n\t\t\t\t<div class=\"elementor-widget-container\">\n\t\t\t\t\t\t\t\t\t\t\t\t\t\t\t<img decoding=\"async\" width=\"1024\" height=\"576\" src=\"https:\/\/www.renaioli.it\/wp-content\/uploads\/2025\/01\/prenota-una-gita-1024x576.jpg\" class=\"attachment-large size-large wp-image-4335\" alt=\"\" srcset=\"https:\/\/www.renaioli.it\/wp-content\/uploads\/2025\/01\/prenota-una-gita-1024x576.jpg 1024w, https:\/\/www.renaioli.it\/wp-content\/uploads\/2025\/01\/prenota-una-gita-300x169.jpg 300w, https:\/\/www.renaioli.it\/wp-content\/uploads\/2025\/01\/prenota-una-gita-768x432.jpg 768w, https:\/\/www.renaioli.it\/wp-content\/uploads\/2025\/01\/prenota-una-gita.jpg 1200w\" sizes=\"(max-width: 1024px) 100vw, 1024px\" \/>\t\t\t\t\t\t\t\t\t\t\t\t\t\t\t<\/div>\n\t\t\t\t<\/div>\n\t\t\t\t<\/div>\n\t\t<div class=\"elementor-element elementor-element-2977329 e-con-full e-flex elementor-invisible e-con e-child\" data-id=\"2977329\" data-element_type=\"container\" data-settings=\"{&quot;animation&quot;:&quot;fadeInRight&quot;}\">\n\t\t\t\t<div class=\"elementor-element elementor-element-2861acf elementor-widget elementor-widget-heading\" data-id=\"2861acf\" data-element_type=\"widget\" data-widget_type=\"heading.default\">\n\t\t\t\t<div class=\"elementor-widget-container\">\n\t\t\t\t\t<h2 class=\"elementor-heading-title elementor-size-default\">R\u00e8server un voyage<\/h2>\t\t\t\t<\/div>\n\t\t\t\t<\/div>\n\t\t\t\t<div class=\"elementor-element elementor-element-d771831 elementor-widget elementor-widget-text-editor\" data-id=\"d771831\" data-element_type=\"widget\" data-widget_type=\"text-editor.default\">\n\t\t\t\t<div class=\"elementor-widget-container\">\n\t\t\t\t\t\t\t\t\t<p><span data-contrast=\"auto\">Les r\u00e9servations sont ouvertes <\/span><b><span data-contrast=\"auto\">toute l&rsquo;ann\u00e9e<\/span><\/b><span data-contrast=\"auto\">! Vous pouvez d\u00e9sormais r\u00e9server facilement votre exp\u00e9rience avec nous :<\/span><span data-ccp-props=\"{}\">\u00a0<\/span><\/p><ul><li data-leveltext=\"\uf0b7\" data-font=\"Symbol\" data-listid=\"26\" data-list-defn-props=\"{&quot;335552541&quot;:1,&quot;335559685&quot;:720,&quot;335559991&quot;:360,&quot;469769226&quot;:&quot;Symbol&quot;,&quot;469769242&quot;:[8226],&quot;469777803&quot;:&quot;left&quot;,&quot;469777804&quot;:&quot;\uf0b7&quot;,&quot;469777815&quot;:&quot;multilevel&quot;}\" aria-setsize=\"-1\" data-aria-posinset=\"1\" data-aria-level=\"1\"><b><span data-contrast=\"auto\">Voyages de groupe<\/span><\/b><span data-ccp-props=\"{}\">\u00a0<\/span><\/li><\/ul><ul><li data-leveltext=\"\uf0b7\" data-font=\"Symbol\" data-listid=\"26\" data-list-defn-props=\"{&quot;335552541&quot;:1,&quot;335559685&quot;:720,&quot;335559991&quot;:360,&quot;469769226&quot;:&quot;Symbol&quot;,&quot;469769242&quot;:[8226],&quot;469777803&quot;:&quot;left&quot;,&quot;469777804&quot;:&quot;\uf0b7&quot;,&quot;469777815&quot;:&quot;multilevel&quot;}\" aria-setsize=\"-1\" data-aria-posinset=\"2\" data-aria-level=\"1\"><b><span data-contrast=\"auto\">Voyages priv\u00e9s<\/span><\/b><span data-ccp-props=\"{}\">\u00a0<\/span><\/li><\/ul><ul><li data-leveltext=\"\uf0b7\" data-font=\"Symbol\" data-listid=\"26\" data-list-defn-props=\"{&quot;335552541&quot;:1,&quot;335559685&quot;:720,&quot;335559991&quot;:360,&quot;469769226&quot;:&quot;Symbol&quot;,&quot;469769242&quot;:[8226],&quot;469777803&quot;:&quot;left&quot;,&quot;469777804&quot;:&quot;\uf0b7&quot;,&quot;469777815&quot;:&quot;multilevel&quot;}\" aria-setsize=\"-1\" data-aria-posinset=\"3\" data-aria-level=\"1\"><b><span data-contrast=\"auto\">Ch\u00e8ques-cadeaux<\/span><\/b><span data-ccp-props=\"{}\">\u00a0<\/span><\/li><\/ul><p><span data-contrast=\"auto\">\ud83d\udcf2<\/span> <b><span data-contrast=\"auto\">Comment r\u00e9server :<\/span><\/b><span data-ccp-props=\"{}\">\u00a0<\/span><\/p><ul><li data-leveltext=\"\uf0b7\" data-font=\"Symbol\" data-listid=\"27\" data-list-defn-props=\"{&quot;335552541&quot;:1,&quot;335559685&quot;:720,&quot;335559991&quot;:360,&quot;469769226&quot;:&quot;Symbol&quot;,&quot;469769242&quot;:[8226],&quot;469777803&quot;:&quot;left&quot;,&quot;469777804&quot;:&quot;\uf0b7&quot;,&quot;469777815&quot;:&quot;multilevel&quot;}\" aria-setsize=\"-1\" data-aria-posinset=\"1\" data-aria-level=\"1\"><span data-contrast=\"auto\">Sur notre site internet, vous trouverez un <\/span><b><span data-contrast=\"auto\">bouton d&rsquo;achat<\/span><\/b><span data-contrast=\"auto\"> d\u00e9di\u00e9 pour chaque type d&rsquo;exp\u00e9rience.<\/span><span data-ccp-props=\"{}\"> <br \/><\/span><\/li><\/ul><p><span data-contrast=\"auto\">Offrez ou offrez-vous une exp\u00e9rience de navigation inoubliable avec nous !<\/span><span data-ccp-props=\"{}\">\u00a0<\/span><\/p>\t\t\t\t\t\t\t\t<\/div>\n\t\t\t\t<\/div>\n\t\t\t\t<div class=\"elementor-element elementor-element-8410900 elementor-align-center elementor-invisible elementor-widget elementor-widget-raven-button\" data-id=\"8410900\" data-element_type=\"widget\" data-settings=\"{&quot;_animation&quot;:&quot;bounceIn&quot;,&quot;turn_to_popup_action_button&quot;:&quot;no&quot;}\" data-widget_type=\"raven-button.default\">\n\t\t\t\t<div class=\"elementor-widget-container\">\n\t\t\t\t\t\t\t<div class=\"raven-widget-wrapper\">\r\n\t\t\t<a class=\"raven-button raven-button-widget-normal-effect-none elementor-button raven-button-text-align-center raven-button-link elementor-animation-none\" href=\"https:\/\/www.renaioli.it\/fr\/acquista-un-biglietto\/\">\t\t\t\t<div class=\"raven-button-overlay\" ><\/div>\r\n\t\t\t\t<span class=\"raven-button-content\">\r\n\t\t\t\t\t\r\n\t\t\t\t\t<div class=\"button-text-container\">\r\n\t\t\t\t\t\t\t\t\t\t\t\t<div class=\"raven-button-texts-wrapper\">\r\n\t\t\t\t\t\t\t<div class=\"button-text\">\r\n\t\t\t\t\t\t\t\t<span class=\"raven-button-text\">\r\n\t\t\t\t\t\t\t\t\tAcheter une visite\t\t\t\t\t\t\t\t<\/span>\r\n\t\t\t\t\t\t\t<\/div>\r\n\t\t\t\t\t\t\t\t\t\t\t\t\t<\/div>\r\n\t\t\t\t\t\t\t\t\t\t\t<\/div>\r\n\t\t\t\t\t\r\n\t\t\t\t\t\t\t\t\t<\/span>\r\n\t\t\t<\/a>\t\t<\/div>\r\n\t\t\t\t\t\t<\/div>\n\t\t\t\t<\/div>\n\t\t\t\t<\/div>\n\t\t\t\t<\/div>\n\t\t\t\t<\/div>\n\t\t","protected":false},"excerpt":{"rendered":"<p>D\u00e9couvrir Florence depuis l&rsquo;Arno : une exp\u00e9rience romantique et intemporelle Laissez-vous emporter par la magie de l&rsquo;Arno, le c\u0153ur battant de Florence, gr\u00e2ce \u00e0 une exp\u00e9rience unique \u00e0 bord d&rsquo;un barchetto historique. Sous la conduite experte de nos Renaioli, vous glisserez doucement \u00e0 travers les merveilles de la ville, admirant ses tr\u00e9sors d&rsquo;un point de [&hellip;]<\/p>\n","protected":false},"author":1,"featured_media":0,"parent":0,"menu_order":0,"comment_status":"closed","ping_status":"closed","template":"","meta":{"_acf_changed":false,"footnotes":""},"class_list":["post-5180","page","type-page","status-publish","hentry"],"acf":[],"yoast_head":"<!-- This site is optimized with the Yoast SEO plugin v24.5 - https:\/\/yoast.com\/wordpress\/plugins\/seo\/ -->\n<title>Les voyages - I Renaioli<\/title>\n<meta name=\"description\" content=\"Puoi prenotare una gita sui nostri barchetti al numero: +39 347 7982 356. Se ti \u00e8 pi\u00f9 comodo puoi anche scriverci un SMS o un messaggio su WhatsApp!\" \/>\n<meta name=\"robots\" content=\"index, follow, max-snippet:-1, max-image-preview:large, max-video-preview:-1\" \/>\n<link rel=\"canonical\" href=\"https:\/\/www.renaioli.it\/fr\/gite\/\" \/>\n<meta property=\"og:locale\" content=\"fr_FR\" \/>\n<meta property=\"og:type\" content=\"article\" \/>\n<meta property=\"og:title\" content=\"Les voyages - I Renaioli\" \/>\n<meta property=\"og:description\" content=\"Puoi prenotare una gita sui nostri barchetti al numero: +39 347 7982 356. Se ti \u00e8 pi\u00f9 comodo puoi anche scriverci un SMS o un messaggio su WhatsApp!\" \/>\n<meta property=\"og:url\" content=\"https:\/\/www.renaioli.it\/fr\/gite\/\" \/>\n<meta property=\"og:site_name\" content=\"I Renaioli\" \/>\n<meta property=\"article:modified_time\" content=\"2026-01-30T15:14:47+00:00\" \/>\n<meta property=\"og:image\" content=\"https:\/\/www.renaioli.it\/wp-content\/uploads\/2025\/01\/le-gite.jpg\" \/>\n\t<meta property=\"og:image:width\" content=\"971\" \/>\n\t<meta property=\"og:image:height\" content=\"900\" \/>\n\t<meta property=\"og:image:type\" content=\"image\/jpeg\" \/>\n<meta name=\"twitter:card\" content=\"summary_large_image\" \/>\n<meta name=\"twitter:label1\" content=\"Dur\u00e9e de lecture estim\u00e9e\" \/>\n\t<meta name=\"twitter:data1\" content=\"3 minutes\" \/>\n<script type=\"application\/ld+json\" class=\"yoast-schema-graph\">{\"@context\":\"https:\/\/schema.org\",\"@graph\":[{\"@type\":\"WebPage\",\"@id\":\"https:\/\/www.renaioli.it\/fr\/gite\/\",\"url\":\"https:\/\/www.renaioli.it\/fr\/gite\/\",\"name\":\"Les voyages - I Renaioli\",\"isPartOf\":{\"@id\":\"https:\/\/www.renaioli.it\/fr\/#website\"},\"primaryImageOfPage\":{\"@id\":\"https:\/\/www.renaioli.it\/fr\/gite\/#primaryimage\"},\"image\":{\"@id\":\"https:\/\/www.renaioli.it\/fr\/gite\/#primaryimage\"},\"thumbnailUrl\":\"https:\/\/www.renaioli.it\/wp-content\/uploads\/2025\/01\/le-gite.jpg\",\"datePublished\":\"2018-01-31T17:27:33+00:00\",\"dateModified\":\"2026-01-30T15:14:47+00:00\",\"description\":\"Puoi prenotare una gita sui nostri barchetti al numero: +39 347 7982 356. Se ti \u00e8 pi\u00f9 comodo puoi anche scriverci un SMS o un messaggio su WhatsApp!\",\"breadcrumb\":{\"@id\":\"https:\/\/www.renaioli.it\/fr\/gite\/#breadcrumb\"},\"inLanguage\":\"fr-FR\",\"potentialAction\":[{\"@type\":\"ReadAction\",\"target\":[\"https:\/\/www.renaioli.it\/fr\/gite\/\"]}]},{\"@type\":\"ImageObject\",\"inLanguage\":\"fr-FR\",\"@id\":\"https:\/\/www.renaioli.it\/fr\/gite\/#primaryimage\",\"url\":\"https:\/\/www.renaioli.it\/wp-content\/uploads\/2025\/01\/le-gite.jpg\",\"contentUrl\":\"https:\/\/www.renaioli.it\/wp-content\/uploads\/2025\/01\/le-gite.jpg\"},{\"@type\":\"BreadcrumbList\",\"@id\":\"https:\/\/www.renaioli.it\/fr\/gite\/#breadcrumb\",\"itemListElement\":[{\"@type\":\"ListItem\",\"position\":1,\"name\":\"Home\",\"item\":\"https:\/\/www.renaioli.it\/fr\/\"},{\"@type\":\"ListItem\",\"position\":2,\"name\":\"Les voyages\"}]},{\"@type\":\"WebSite\",\"@id\":\"https:\/\/www.renaioli.it\/fr\/#website\",\"url\":\"https:\/\/www.renaioli.it\/fr\/\",\"name\":\"I Renaioli\",\"description\":\"30 anni di storia in Arno\",\"potentialAction\":[{\"@type\":\"SearchAction\",\"target\":{\"@type\":\"EntryPoint\",\"urlTemplate\":\"https:\/\/www.renaioli.it\/fr\/?s={search_term_string}\"},\"query-input\":{\"@type\":\"PropertyValueSpecification\",\"valueRequired\":true,\"valueName\":\"search_term_string\"}}],\"inLanguage\":\"fr-FR\"}]}<\/script>\n<!-- \/ Yoast SEO plugin. -->","yoast_head_json":{"title":"Les voyages - I Renaioli","description":"Puoi prenotare una gita sui nostri barchetti al numero: +39 347 7982 356. Se ti \u00e8 pi\u00f9 comodo puoi anche scriverci un SMS o un messaggio su WhatsApp!","robots":{"index":"index","follow":"follow","max-snippet":"max-snippet:-1","max-image-preview":"max-image-preview:large","max-video-preview":"max-video-preview:-1"},"canonical":"https:\/\/www.renaioli.it\/fr\/gite\/","og_locale":"fr_FR","og_type":"article","og_title":"Les voyages - I Renaioli","og_description":"Puoi prenotare una gita sui nostri barchetti al numero: +39 347 7982 356. Se ti \u00e8 pi\u00f9 comodo puoi anche scriverci un SMS o un messaggio su WhatsApp!","og_url":"https:\/\/www.renaioli.it\/fr\/gite\/","og_site_name":"I Renaioli","article_modified_time":"2026-01-30T15:14:47+00:00","og_image":[{"width":971,"height":900,"url":"https:\/\/www.renaioli.it\/wp-content\/uploads\/2025\/01\/le-gite.jpg","type":"image\/jpeg"}],"twitter_card":"summary_large_image","twitter_misc":{"Dur\u00e9e de lecture estim\u00e9e":"3 minutes"},"schema":{"@context":"https:\/\/schema.org","@graph":[{"@type":"WebPage","@id":"https:\/\/www.renaioli.it\/fr\/gite\/","url":"https:\/\/www.renaioli.it\/fr\/gite\/","name":"Les voyages - I Renaioli","isPartOf":{"@id":"https:\/\/www.renaioli.it\/fr\/#website"},"primaryImageOfPage":{"@id":"https:\/\/www.renaioli.it\/fr\/gite\/#primaryimage"},"image":{"@id":"https:\/\/www.renaioli.it\/fr\/gite\/#primaryimage"},"thumbnailUrl":"https:\/\/www.renaioli.it\/wp-content\/uploads\/2025\/01\/le-gite.jpg","datePublished":"2018-01-31T17:27:33+00:00","dateModified":"2026-01-30T15:14:47+00:00","description":"Puoi prenotare una gita sui nostri barchetti al numero: +39 347 7982 356. Se ti \u00e8 pi\u00f9 comodo puoi anche scriverci un SMS o un messaggio su WhatsApp!","breadcrumb":{"@id":"https:\/\/www.renaioli.it\/fr\/gite\/#breadcrumb"},"inLanguage":"fr-FR","potentialAction":[{"@type":"ReadAction","target":["https:\/\/www.renaioli.it\/fr\/gite\/"]}]},{"@type":"ImageObject","inLanguage":"fr-FR","@id":"https:\/\/www.renaioli.it\/fr\/gite\/#primaryimage","url":"https:\/\/www.renaioli.it\/wp-content\/uploads\/2025\/01\/le-gite.jpg","contentUrl":"https:\/\/www.renaioli.it\/wp-content\/uploads\/2025\/01\/le-gite.jpg"},{"@type":"BreadcrumbList","@id":"https:\/\/www.renaioli.it\/fr\/gite\/#breadcrumb","itemListElement":[{"@type":"ListItem","position":1,"name":"Home","item":"https:\/\/www.renaioli.it\/fr\/"},{"@type":"ListItem","position":2,"name":"Les voyages"}]},{"@type":"WebSite","@id":"https:\/\/www.renaioli.it\/fr\/#website","url":"https:\/\/www.renaioli.it\/fr\/","name":"I Renaioli","description":"30 anni di storia in Arno","potentialAction":[{"@type":"SearchAction","target":{"@type":"EntryPoint","urlTemplate":"https:\/\/www.renaioli.it\/fr\/?s={search_term_string}"},"query-input":{"@type":"PropertyValueSpecification","valueRequired":true,"valueName":"search_term_string"}}],"inLanguage":"fr-FR"}]}},"_links":{"self":[{"href":"https:\/\/www.renaioli.it\/fr\/wp-json\/wp\/v2\/pages\/5180","targetHints":{"allow":["GET"]}}],"collection":[{"href":"https:\/\/www.renaioli.it\/fr\/wp-json\/wp\/v2\/pages"}],"about":[{"href":"https:\/\/www.renaioli.it\/fr\/wp-json\/wp\/v2\/types\/page"}],"author":[{"embeddable":true,"href":"https:\/\/www.renaioli.it\/fr\/wp-json\/wp\/v2\/users\/1"}],"replies":[{"embeddable":true,"href":"https:\/\/www.renaioli.it\/fr\/wp-json\/wp\/v2\/comments?post=5180"}],"version-history":[{"count":18,"href":"https:\/\/www.renaioli.it\/fr\/wp-json\/wp\/v2\/pages\/5180\/revisions"}],"predecessor-version":[{"id":5971,"href":"https:\/\/www.renaioli.it\/fr\/wp-json\/wp\/v2\/pages\/5180\/revisions\/5971"}],"wp:attachment":[{"href":"https:\/\/www.renaioli.it\/fr\/wp-json\/wp\/v2\/media?parent=5180"}],"curies":[{"name":"wp","href":"https:\/\/api.w.org\/{rel}","templated":true}]}}